{"id":2744,"date":"2025-12-21T16:07:00","date_gmt":"2025-12-21T14:07:00","guid":{"rendered":"https:\/\/casino-go-amp.top\/?page_id=2744"},"modified":"2026-04-16T12:50:27","modified_gmt":"2026-04-16T09:50:27","slug":"home-az","status":"publish","type":"page","link":"https:\/\/casino-go-amp.top\/az\/","title":{"rendered":"Home AZ"},"content":{"rendered":"","protected":false},"excerpt":{"rendered":"","protected":false},"author":1,"featured_media":0,"parent":0,"menu_order":0,"comment_status":"closed","ping_status":"closed","template":"home-new.php","meta":{"_acf_changed":false,"footnotes":""},"class_list":["post-2744","page","type-page","status-publish","hentry"],"acf":[],"yoast_head":"<!-- This site is optimized with the Yoast SEO plugin v27.4 - https:\/\/yoast.com\/product\/yoast-seo-wordpress\/ -->\n<title>1xBet R\u0259smi Giri\u015f | Onlayn kazinolar v\u0259 \u0130dman m\u0259rcl\u0259ri<\/title>\n<meta name=\"description\" content=\"1xBet d\u00fcnyan\u0131n 90-dan \u00e7ox \u00f6lk\u0259sind\u0259 f\u0259aliyy\u0259t g\u00f6st\u0259r\u0259n Cura\u00e7ao lisenziyal\u0131 qanuni m\u0259rc v\u0259 kazino sayt\u0131d\u0131r. Fantastik bonuslar, uy\u011fun limitl\u0259r v\u0259 minl\u0259rl\u0259.\" \/>\n<meta name=\"robots\" content=\"index, follow, max-snippet:-1, max-image-preview:large, max-video-preview:-1\" \/>\n<link rel=\"canonical\" href=\"https:\/\/casino-go-amp.top\/az\/\" \/>\n<meta property=\"og:locale\" content=\"ru_RU\" \/>\n<meta property=\"og:type\" content=\"article\" \/>\n<meta property=\"og:title\" content=\"1xBet R\u0259smi Giri\u015f | Onlayn kazinolar v\u0259 \u0130dman m\u0259rcl\u0259ri\" \/>\n<meta property=\"og:description\" content=\"1xBet d\u00fcnyan\u0131n 90-dan \u00e7ox \u00f6lk\u0259sind\u0259 f\u0259aliyy\u0259t g\u00f6st\u0259r\u0259n Cura\u00e7ao lisenziyal\u0131 qanuni m\u0259rc v\u0259 kazino sayt\u0131d\u0131r. Fantastik bonuslar, uy\u011fun limitl\u0259r v\u0259 minl\u0259rl\u0259.\" \/>\n<meta property=\"og:url\" content=\"https:\/\/casino-go-amp.top\/az\/\" \/>\n<meta property=\"og:site_name\" content=\"1xBet \u041e\u0444\u0438\u0446\u0438\u0430\u043b\u044c\u043d\u044b\u0439 C\u0430\u0439\u0442\" \/>\n<meta property=\"article:modified_time\" content=\"2026-04-16T09:50:27+00:00\" \/>\n<meta name=\"twitter:card\" content=\"summary_large_image\" \/>\n<script type=\"application\/ld+json\" class=\"yoast-schema-graph\">{\"@context\":\"https:\\\/\\\/schema.org\",\"@graph\":[{\"@type\":\"WebPage\",\"@id\":\"https:\\\/\\\/casino-go-amp.top\\\/az\\\/\",\"url\":\"https:\\\/\\\/casino-go-amp.top\\\/az\\\/\",\"name\":\"1xBet R\u0259smi Giri\u015f | Onlayn kazinolar v\u0259 \u0130dman m\u0259rcl\u0259ri\",\"isPartOf\":{\"@id\":\"https:\\\/\\\/casino-go-amp.top\\\/#website\"},\"datePublished\":\"2025-12-21T14:07:00+00:00\",\"dateModified\":\"2026-04-16T09:50:27+00:00\",\"description\":\"1xBet d\u00fcnyan\u0131n 90-dan \u00e7ox \u00f6lk\u0259sind\u0259 f\u0259aliyy\u0259t g\u00f6st\u0259r\u0259n Cura\u00e7ao lisenziyal\u0131 qanuni m\u0259rc v\u0259 kazino sayt\u0131d\u0131r. Fantastik bonuslar, uy\u011fun limitl\u0259r v\u0259 minl\u0259rl\u0259.\",\"breadcrumb\":{\"@id\":\"https:\\\/\\\/casino-go-amp.top\\\/az\\\/#breadcrumb\"},\"inLanguage\":\"ru-RU\",\"potentialAction\":[{\"@type\":\"ReadAction\",\"target\":[\"https:\\\/\\\/casino-go-amp.top\\\/az\\\/\"]}]},{\"@type\":\"BreadcrumbList\",\"@id\":\"https:\\\/\\\/casino-go-amp.top\\\/az\\\/#breadcrumb\",\"itemListElement\":[{\"@type\":\"ListItem\",\"position\":1,\"name\":\"\u0413\u043b\u0430\u0432\u043d\u0430\u044f \u0441\u0442\u0440\u0430\u043d\u0438\u0446\u0430\",\"item\":\"https:\\\/\\\/casino-go-amp.top\\\/\"},{\"@type\":\"ListItem\",\"position\":2,\"name\":\"Home AZ\"}]},{\"@type\":\"WebSite\",\"@id\":\"https:\\\/\\\/casino-go-amp.top\\\/#website\",\"url\":\"https:\\\/\\\/casino-go-amp.top\\\/\",\"name\":\"1xBet \u041e\u0444\u0438\u0446\u0438\u0430\u043b\u044c\u043d\u044b\u0439 C\u0430\u0439\u0442\",\"description\":\"\",\"potentialAction\":[{\"@type\":\"SearchAction\",\"target\":{\"@type\":\"EntryPoint\",\"urlTemplate\":\"https:\\\/\\\/casino-go-amp.top\\\/?s={search_term_string}\"},\"query-input\":{\"@type\":\"PropertyValueSpecification\",\"valueRequired\":true,\"valueName\":\"search_term_string\"}}],\"inLanguage\":\"ru-RU\"}]}<\/script>\n<!-- \/ Yoast SEO plugin. -->","yoast_head_json":{"title":"1xBet R\u0259smi Giri\u015f | Onlayn kazinolar v\u0259 \u0130dman m\u0259rcl\u0259ri","description":"1xBet d\u00fcnyan\u0131n 90-dan \u00e7ox \u00f6lk\u0259sind\u0259 f\u0259aliyy\u0259t g\u00f6st\u0259r\u0259n Cura\u00e7ao lisenziyal\u0131 qanuni m\u0259rc v\u0259 kazino sayt\u0131d\u0131r. Fantastik bonuslar, uy\u011fun limitl\u0259r v\u0259 minl\u0259rl\u0259.","robots":{"index":"index","follow":"follow","max-snippet":"max-snippet:-1","max-image-preview":"max-image-preview:large","max-video-preview":"max-video-preview:-1"},"canonical":"https:\/\/casino-go-amp.top\/az\/","og_locale":"ru_RU","og_type":"article","og_title":"1xBet R\u0259smi Giri\u015f | Onlayn kazinolar v\u0259 \u0130dman m\u0259rcl\u0259ri","og_description":"1xBet d\u00fcnyan\u0131n 90-dan \u00e7ox \u00f6lk\u0259sind\u0259 f\u0259aliyy\u0259t g\u00f6st\u0259r\u0259n Cura\u00e7ao lisenziyal\u0131 qanuni m\u0259rc v\u0259 kazino sayt\u0131d\u0131r. Fantastik bonuslar, uy\u011fun limitl\u0259r v\u0259 minl\u0259rl\u0259.","og_url":"https:\/\/casino-go-amp.top\/az\/","og_site_name":"1xBet \u041e\u0444\u0438\u0446\u0438\u0430\u043b\u044c\u043d\u044b\u0439 C\u0430\u0439\u0442","article_modified_time":"2026-04-16T09:50:27+00:00","twitter_card":"summary_large_image","schema":{"@context":"https:\/\/schema.org","@graph":[{"@type":"WebPage","@id":"https:\/\/casino-go-amp.top\/az\/","url":"https:\/\/casino-go-amp.top\/az\/","name":"1xBet R\u0259smi Giri\u015f | Onlayn kazinolar v\u0259 \u0130dman m\u0259rcl\u0259ri","isPartOf":{"@id":"https:\/\/casino-go-amp.top\/#website"},"datePublished":"2025-12-21T14:07:00+00:00","dateModified":"2026-04-16T09:50:27+00:00","description":"1xBet d\u00fcnyan\u0131n 90-dan \u00e7ox \u00f6lk\u0259sind\u0259 f\u0259aliyy\u0259t g\u00f6st\u0259r\u0259n Cura\u00e7ao lisenziyal\u0131 qanuni m\u0259rc v\u0259 kazino sayt\u0131d\u0131r. Fantastik bonuslar, uy\u011fun limitl\u0259r v\u0259 minl\u0259rl\u0259.","breadcrumb":{"@id":"https:\/\/casino-go-amp.top\/az\/#breadcrumb"},"inLanguage":"ru-RU","potentialAction":[{"@type":"ReadAction","target":["https:\/\/casino-go-amp.top\/az\/"]}]},{"@type":"BreadcrumbList","@id":"https:\/\/casino-go-amp.top\/az\/#breadcrumb","itemListElement":[{"@type":"ListItem","position":1,"name":"\u0413\u043b\u0430\u0432\u043d\u0430\u044f \u0441\u0442\u0440\u0430\u043d\u0438\u0446\u0430","item":"https:\/\/casino-go-amp.top\/"},{"@type":"ListItem","position":2,"name":"Home AZ"}]},{"@type":"WebSite","@id":"https:\/\/casino-go-amp.top\/#website","url":"https:\/\/casino-go-amp.top\/","name":"1xBet \u041e\u0444\u0438\u0446\u0438\u0430\u043b\u044c\u043d\u044b\u0439 C\u0430\u0439\u0442","description":"","potentialAction":[{"@type":"SearchAction","target":{"@type":"EntryPoint","urlTemplate":"https:\/\/casino-go-amp.top\/?s={search_term_string}"},"query-input":{"@type":"PropertyValueSpecification","valueRequired":true,"valueName":"search_term_string"}}],"inLanguage":"ru-RU"}]}},"amp_enabled":true,"_links":{"self":[{"href":"https:\/\/casino-go-amp.top\/wp-json\/wp\/v2\/pages\/2744","targetHints":{"allow":["GET"]}}],"collection":[{"href":"https:\/\/casino-go-amp.top\/wp-json\/wp\/v2\/pages"}],"about":[{"href":"https:\/\/casino-go-amp.top\/wp-json\/wp\/v2\/types\/page"}],"author":[{"embeddable":true,"href":"https:\/\/casino-go-amp.top\/wp-json\/wp\/v2\/users\/1"}],"replies":[{"embeddable":true,"href":"https:\/\/casino-go-amp.top\/wp-json\/wp\/v2\/comments?post=2744"}],"version-history":[{"count":2,"href":"https:\/\/casino-go-amp.top\/wp-json\/wp\/v2\/pages\/2744\/revisions"}],"predecessor-version":[{"id":2797,"href":"https:\/\/casino-go-amp.top\/wp-json\/wp\/v2\/pages\/2744\/revisions\/2797"}],"wp:attachment":[{"href":"https:\/\/casino-go-amp.top\/wp-json\/wp\/v2\/media?parent=2744"}],"curies":[{"name":"wp","href":"https:\/\/api.w.org\/{rel}","templated":true}]}}