{"id":2746,"date":"2025-12-21T16:09:30","date_gmt":"2025-12-21T14:09:30","guid":{"rendered":"https:\/\/casino-go-amp.top\/?page_id=2746"},"modified":"2025-12-21T16:09:30","modified_gmt":"2025-12-21T14:09:30","slug":"haqqimizda","status":"publish","type":"page","link":"https:\/\/casino-go-amp.top\/az\/haqqimizda\/","title":{"rendered":"Haqq\u0131m\u0131zda"},"content":{"rendered":"<h1>Missiyam\u0131z t\u0259hl\u00fck\u0259siz, s\u0259m\u0259r\u0259li v\u0259 istifad\u0259\u00e7i dostu r\u0259q\u0259msal m\u00fchit t\u0259min etm\u0259kdir<\/h1>\n<h2>Missiya v\u0259 M\u0259qs\u0259d<\/h2>\n<h3>\u018fsas M\u0259qs\u0259dl\u0259r<\/h3>\n<p>Platforma ayd\u0131nl\u0131\u011fa, sabitliy\u0259 v\u0259 istifad\u0259y\u0259 yararl\u0131l\u0131\u011fa \u00fcst\u00fcnl\u00fck ver\u0259n m\u00fcasir, strukturla\u015fd\u0131r\u0131lm\u0131\u015f bir h\u0259ll yolu kimi haz\u0131rlanm\u0131\u015fd\u0131r. \u018fsas m\u0259qs\u0259di etibarl\u0131 texnologiyalar t\u0259r\u0259find\u0259n d\u0259st\u0259kl\u0259n\u0259n sorunsuz v\u0259 intuitiv t\u0259cr\u00fcb\u0259 t\u0259min etm\u0259kdir.<\/p>\n<h2>\u0130stifad\u0259\u00e7i T\u0259cr\u00fcb\u0259si<\/h2>\n<h3>\u0130nterfeys \u00dcst\u00fcnl\u00fckl\u0259ri<\/h3>\n<p>Platforma a\u015fa\u011f\u0131dak\u0131lar\u0131 t\u0259klif edir:<\/p>\n<ul>\n<li>sad\u0259 v\u0259 m\u0259ntiqi naviqasiya;<\/li>\n<li>b\u00fct\u00fcn cihazlar \u00fc\u00e7\u00fcn cavabdeh t\u0259rtibat;<\/li>\n<li>s\u00fcr\u0259tli y\u00fckl\u0259m\u0259 v\u0259 sabit performans;<\/li>\n<li>ayd\u0131n vizual struktur;<\/li>\n<li>optimalla\u015fd\u0131r\u0131lm\u0131\u015f m\u0259zmun t\u0259qdimat\u0131;<\/li>\n<li>rahat istifad\u0259 \u00fc\u00e7\u00fcn minimum yay\u0131nd\u0131r\u0131c\u0131 amill\u0259r.<\/li>\n<\/ul>\n<p>Dizayn q\u0259rarlar\u0131 h\u0259m yeni, h\u0259m d\u0259 t\u0259cr\u00fcb\u0259li istifad\u0259\u00e7il\u0259r \u00fc\u00e7\u00fcn rahatl\u0131\u011f\u0131 t\u0259min etm\u0259k \u00fc\u00e7\u00fcn verilir.<\/p>\n<h2>Texniki \u018fsas<\/h2>\n<h3>\u0130nfrastruktur v\u0259 \u0130nki\u015faf<\/h3>\n<p>Platforma a\u015fa\u011f\u0131dak\u0131lardan m\u0259sul olan texniki qrup t\u0259r\u0259find\u0259n saxlan\u0131l\u0131r:<\/p>\n<ul>\n<li>server sabitliyi;<\/li>\n<li>t\u0259hl\u00fck\u0259sizlik protokollar\u0131;<\/li>\n<li>x\u00fcsusiyy\u0259t optimalla\u015fd\u0131r\u0131lmas\u0131;<\/li>\n<li>sistem monitorinqi;<\/li>\n<li>probleml\u0259rin m\u00fc\u0259yy\u0259n edilm\u0259si v\u0259 h\u0259lli;<\/li>\n<li>laz\u0131m olduqda funksionall\u0131\u011f\u0131n geni\u015fl\u0259ndirilm\u0259si.<\/li>\n<\/ul>\n<p>H\u0259r yenil\u0259m\u0259 etibarl\u0131l\u0131\u011f\u0131 v\u0259 \u00fcmumi performans\u0131 art\u0131rma\u011f\u0131 h\u0259d\u0259fl\u0259yir.<\/p>\n<h2>D\u0259y\u0259rl\u0259rimiz<\/h2>\n<p>Biz a\u015fa\u011f\u0131dak\u0131 prinsipl\u0259r\u0259 uy\u011fun f\u0259aliyy\u0259t g\u00f6st\u0259ririk:<\/p>\n<ul>\n<li>\u015f\u0259ffafl\u0131q;<\/li>\n<li>etibar;<\/li>\n<li>m\u0259lumatlar\u0131n qorunmas\u0131;<\/li>\n<li>istifad\u0259\u00e7il\u0259r\u0259 h\u00f6rm\u0259t;<\/li>\n<li>davaml\u0131 t\u0259kmill\u0259\u015fdirm\u0259;<\/li>\n<li>m\u0259suliyy\u0259tli r\u0259q\u0259msal m\u0259d\u0259niyy\u0259t.<\/li>\n<\/ul>\n<p>Bu d\u0259y\u0259rl\u0259r layih\u0259nin uzunm\u00fcdd\u0259tli istiqam\u0259tini formala\u015fd\u0131r\u0131r.<\/p>\n","protected":false},"excerpt":{"rendered":"<p>Missiyam\u0131z t\u0259hl\u00fck\u0259siz, s\u0259m\u0259r\u0259li v\u0259 istifad\u0259\u00e7i dostu r\u0259q\u0259msal m\u00fchit t\u0259min etm\u0259kdir Missiya v\u0259 M\u0259qs\u0259d \u018fsas M\u0259qs\u0259dl\u0259r Platforma ayd\u0131nl\u0131\u011fa, sabitliy\u0259 v\u0259 istifad\u0259y\u0259 yararl\u0131l\u0131\u011fa \u00fcst\u00fcnl\u00fck ver\u0259n m\u00fcasir, strukturla\u015fd\u0131r\u0131lm\u0131\u015f bir h\u0259ll yolu kimi haz\u0131rlanm\u0131\u015fd\u0131r. \u018fsas m\u0259qs\u0259di etibarl\u0131 texnologiyalar t\u0259r\u0259find\u0259n d\u0259st\u0259kl\u0259n\u0259n sorunsuz v\u0259 intuitiv t\u0259cr\u00fcb\u0259 t\u0259min etm\u0259kdir. \u0130stifad\u0259\u00e7i T\u0259cr\u00fcb\u0259si \u0130nterfeys \u00dcst\u00fcnl\u00fckl\u0259ri Platforma a\u015fa\u011f\u0131dak\u0131lar\u0131 t\u0259klif edir: sad\u0259 v\u0259 m\u0259ntiqi naviqasiya; b\u00fct\u00fcn [&hellip;]<\/p>\n","protected":false},"author":1,"featured_media":0,"parent":0,"menu_order":0,"comment_status":"closed","ping_status":"closed","template":"","meta":{"_acf_changed":false,"footnotes":""},"class_list":["post-2746","page","type-page","status-publish","hentry"],"acf":[],"yoast_head":"<!-- This site is optimized with the Yoast SEO plugin v27.4 - https:\/\/yoast.com\/product\/yoast-seo-wordpress\/ -->\n<title>Haqq\u0131m\u0131zda \u2014 Missiya, D\u0259y\u0259rl\u0259r v\u0259 Texnoloji T\u0259m\u0259l<\/title>\n<meta name=\"description\" content=\"Platforman\u0131n m\u0259qs\u0259dl\u0259ri, strukturu, texnologiyas\u0131 v\u0259 istifad\u0259\u00e7iy\u0259 y\u00f6n\u0259lmi\u015f yana\u015fmas\u0131 haqq\u0131nda \u0259trafl\u0131 m\u0259lumat\" \/>\n<meta name=\"robots\" content=\"index, follow, max-snippet:-1, max-image-preview:large, max-video-preview:-1\" \/>\n<link rel=\"canonical\" href=\"https:\/\/casino-go-amp.top\/az\/haqqimizda\/\" \/>\n<meta property=\"og:locale\" content=\"ru_RU\" \/>\n<meta property=\"og:type\" content=\"article\" \/>\n<meta property=\"og:title\" content=\"Haqq\u0131m\u0131zda \u2014 Missiya, D\u0259y\u0259rl\u0259r v\u0259 Texnoloji T\u0259m\u0259l\" \/>\n<meta property=\"og:description\" content=\"Platforman\u0131n m\u0259qs\u0259dl\u0259ri, strukturu, texnologiyas\u0131 v\u0259 istifad\u0259\u00e7iy\u0259 y\u00f6n\u0259lmi\u015f yana\u015fmas\u0131 haqq\u0131nda \u0259trafl\u0131 m\u0259lumat\" \/>\n<meta property=\"og:url\" content=\"https:\/\/casino-go-amp.top\/az\/haqqimizda\/\" \/>\n<meta property=\"og:site_name\" content=\"1xBet \u041e\u0444\u0438\u0446\u0438\u0430\u043b\u044c\u043d\u044b\u0439 C\u0430\u0439\u0442\" \/>\n<meta name=\"twitter:card\" content=\"summary_large_image\" \/>\n<meta name=\"twitter:label1\" content=\"\u041f\u0440\u0438\u043c\u0435\u0440\u043d\u043e\u0435 \u0432\u0440\u0435\u043c\u044f \u0434\u043b\u044f \u0447\u0442\u0435\u043d\u0438\u044f\" \/>\n\t<meta name=\"twitter:data1\" content=\"1 \u043c\u0438\u043d\u0443\u0442\u0430\" \/>\n<script type=\"application\/ld+json\" class=\"yoast-schema-graph\">{\"@context\":\"https:\\\/\\\/schema.org\",\"@graph\":[{\"@type\":\"WebPage\",\"@id\":\"https:\\\/\\\/casino-go-amp.top\\\/az\\\/haqqimizda\\\/\",\"url\":\"https:\\\/\\\/casino-go-amp.top\\\/az\\\/haqqimizda\\\/\",\"name\":\"Haqq\u0131m\u0131zda \u2014 Missiya, D\u0259y\u0259rl\u0259r v\u0259 Texnoloji T\u0259m\u0259l\",\"isPartOf\":{\"@id\":\"https:\\\/\\\/casino-go-amp.top\\\/#website\"},\"datePublished\":\"2025-12-21T14:09:30+00:00\",\"description\":\"Platforman\u0131n m\u0259qs\u0259dl\u0259ri, strukturu, texnologiyas\u0131 v\u0259 istifad\u0259\u00e7iy\u0259 y\u00f6n\u0259lmi\u015f yana\u015fmas\u0131 haqq\u0131nda \u0259trafl\u0131 m\u0259lumat\",\"breadcrumb\":{\"@id\":\"https:\\\/\\\/casino-go-amp.top\\\/az\\\/haqqimizda\\\/#breadcrumb\"},\"inLanguage\":\"ru-RU\",\"potentialAction\":[{\"@type\":\"ReadAction\",\"target\":[\"https:\\\/\\\/casino-go-amp.top\\\/az\\\/haqqimizda\\\/\"]}]},{\"@type\":\"BreadcrumbList\",\"@id\":\"https:\\\/\\\/casino-go-amp.top\\\/az\\\/haqqimizda\\\/#breadcrumb\",\"itemListElement\":[{\"@type\":\"ListItem\",\"position\":1,\"name\":\"\u0413\u043b\u0430\u0432\u043d\u0430\u044f \u0441\u0442\u0440\u0430\u043d\u0438\u0446\u0430\",\"item\":\"https:\\\/\\\/casino-go-amp.top\\\/\"},{\"@type\":\"ListItem\",\"position\":2,\"name\":\"Haqq\u0131m\u0131zda\"}]},{\"@type\":\"WebSite\",\"@id\":\"https:\\\/\\\/casino-go-amp.top\\\/#website\",\"url\":\"https:\\\/\\\/casino-go-amp.top\\\/\",\"name\":\"1xBet \u041e\u0444\u0438\u0446\u0438\u0430\u043b\u044c\u043d\u044b\u0439 C\u0430\u0439\u0442\",\"description\":\"\",\"potentialAction\":[{\"@type\":\"SearchAction\",\"target\":{\"@type\":\"EntryPoint\",\"urlTemplate\":\"https:\\\/\\\/casino-go-amp.top\\\/?s={search_term_string}\"},\"query-input\":{\"@type\":\"PropertyValueSpecification\",\"valueRequired\":true,\"valueName\":\"search_term_string\"}}],\"inLanguage\":\"ru-RU\"}]}<\/script>\n<!-- \/ Yoast SEO plugin. -->","yoast_head_json":{"title":"Haqq\u0131m\u0131zda \u2014 Missiya, D\u0259y\u0259rl\u0259r v\u0259 Texnoloji T\u0259m\u0259l","description":"Platforman\u0131n m\u0259qs\u0259dl\u0259ri, strukturu, texnologiyas\u0131 v\u0259 istifad\u0259\u00e7iy\u0259 y\u00f6n\u0259lmi\u015f yana\u015fmas\u0131 haqq\u0131nda \u0259trafl\u0131 m\u0259lumat","robots":{"index":"index","follow":"follow","max-snippet":"max-snippet:-1","max-image-preview":"max-image-preview:large","max-video-preview":"max-video-preview:-1"},"canonical":"https:\/\/casino-go-amp.top\/az\/haqqimizda\/","og_locale":"ru_RU","og_type":"article","og_title":"Haqq\u0131m\u0131zda \u2014 Missiya, D\u0259y\u0259rl\u0259r v\u0259 Texnoloji T\u0259m\u0259l","og_description":"Platforman\u0131n m\u0259qs\u0259dl\u0259ri, strukturu, texnologiyas\u0131 v\u0259 istifad\u0259\u00e7iy\u0259 y\u00f6n\u0259lmi\u015f yana\u015fmas\u0131 haqq\u0131nda \u0259trafl\u0131 m\u0259lumat","og_url":"https:\/\/casino-go-amp.top\/az\/haqqimizda\/","og_site_name":"1xBet \u041e\u0444\u0438\u0446\u0438\u0430\u043b\u044c\u043d\u044b\u0439 C\u0430\u0439\u0442","twitter_card":"summary_large_image","twitter_misc":{"\u041f\u0440\u0438\u043c\u0435\u0440\u043d\u043e\u0435 \u0432\u0440\u0435\u043c\u044f \u0434\u043b\u044f \u0447\u0442\u0435\u043d\u0438\u044f":"1 \u043c\u0438\u043d\u0443\u0442\u0430"},"schema":{"@context":"https:\/\/schema.org","@graph":[{"@type":"WebPage","@id":"https:\/\/casino-go-amp.top\/az\/haqqimizda\/","url":"https:\/\/casino-go-amp.top\/az\/haqqimizda\/","name":"Haqq\u0131m\u0131zda \u2014 Missiya, D\u0259y\u0259rl\u0259r v\u0259 Texnoloji T\u0259m\u0259l","isPartOf":{"@id":"https:\/\/casino-go-amp.top\/#website"},"datePublished":"2025-12-21T14:09:30+00:00","description":"Platforman\u0131n m\u0259qs\u0259dl\u0259ri, strukturu, texnologiyas\u0131 v\u0259 istifad\u0259\u00e7iy\u0259 y\u00f6n\u0259lmi\u015f yana\u015fmas\u0131 haqq\u0131nda \u0259trafl\u0131 m\u0259lumat","breadcrumb":{"@id":"https:\/\/casino-go-amp.top\/az\/haqqimizda\/#breadcrumb"},"inLanguage":"ru-RU","potentialAction":[{"@type":"ReadAction","target":["https:\/\/casino-go-amp.top\/az\/haqqimizda\/"]}]},{"@type":"BreadcrumbList","@id":"https:\/\/casino-go-amp.top\/az\/haqqimizda\/#breadcrumb","itemListElement":[{"@type":"ListItem","position":1,"name":"\u0413\u043b\u0430\u0432\u043d\u0430\u044f \u0441\u0442\u0440\u0430\u043d\u0438\u0446\u0430","item":"https:\/\/casino-go-amp.top\/"},{"@type":"ListItem","position":2,"name":"Haqq\u0131m\u0131zda"}]},{"@type":"WebSite","@id":"https:\/\/casino-go-amp.top\/#website","url":"https:\/\/casino-go-amp.top\/","name":"1xBet \u041e\u0444\u0438\u0446\u0438\u0430\u043b\u044c\u043d\u044b\u0439 C\u0430\u0439\u0442","description":"","potentialAction":[{"@type":"SearchAction","target":{"@type":"EntryPoint","urlTemplate":"https:\/\/casino-go-amp.top\/?s={search_term_string}"},"query-input":{"@type":"PropertyValueSpecification","valueRequired":true,"valueName":"search_term_string"}}],"inLanguage":"ru-RU"}]}},"amp_enabled":true,"_links":{"self":[{"href":"https:\/\/casino-go-amp.top\/wp-json\/wp\/v2\/pages\/2746","targetHints":{"allow":["GET"]}}],"collection":[{"href":"https:\/\/casino-go-amp.top\/wp-json\/wp\/v2\/pages"}],"about":[{"href":"https:\/\/casino-go-amp.top\/wp-json\/wp\/v2\/types\/page"}],"author":[{"embeddable":true,"href":"https:\/\/casino-go-amp.top\/wp-json\/wp\/v2\/users\/1"}],"replies":[{"embeddable":true,"href":"https:\/\/casino-go-amp.top\/wp-json\/wp\/v2\/comments?post=2746"}],"version-history":[{"count":1,"href":"https:\/\/casino-go-amp.top\/wp-json\/wp\/v2\/pages\/2746\/revisions"}],"predecessor-version":[{"id":2747,"href":"https:\/\/casino-go-amp.top\/wp-json\/wp\/v2\/pages\/2746\/revisions\/2747"}],"wp:attachment":[{"href":"https:\/\/casino-go-amp.top\/wp-json\/wp\/v2\/media?parent=2746"}],"curies":[{"name":"wp","href":"https:\/\/api.w.org\/{rel}","templated":true}]}}