{"id":2760,"date":"2025-12-21T16:16:09","date_gmt":"2025-12-21T14:16:09","guid":{"rendered":"https:\/\/casino-go-amp.top\/?page_id=2760"},"modified":"2025-12-21T16:16:09","modified_gmt":"2025-12-21T14:16:09","slug":"m%c9%99suliyy%c9%99tli-oyunlar","status":"publish","type":"page","link":"https:\/\/casino-go-amp.top\/az\/m%c9%99suliyy%c9%99tli-oyunlar\/","title":{"rendered":"M\u0259suliyy\u0259tli Oyunlar"},"content":{"rendered":"<h1>M\u0259suliyy\u0259tli oyunlar \u015f\u00fcurlu v\u0259 balansl\u0131 bir yana\u015fmad\u0131r<\/h1>\n<h2>M\u0259suliyy\u0259tli Davran\u0131\u015f\u0131n \u018fsas Prinsipl\u0259ri<\/h2>\n<h3>\u015e\u00fcurluluq v\u0259 \u015e\u0259xsi Qiym\u0259tl\u0259ndirm\u0259<\/h3>\n<p>Sa\u011flam r\u0259q\u0259msal g\u00fcnd\u0259lik h\u0259yat insan\u0131n \u00f6z emosional v\u0259 fiziki v\u0259ziyy\u0259tini qiym\u0259tl\u0259ndirm\u0259k qabiliyy\u0259tind\u0259n ba\u015flay\u0131r. R\u0259q\u0259msal m\u00fchit h\u0259y\u0259can, g\u0259rginlik v\u0259 ya diqq\u0259tin yay\u0131nmas\u0131na s\u0259b\u0259b ola bil\u0259r, buna g\u00f6r\u0259 d\u0259 istifad\u0259\u00e7il\u0259r a\u015fa\u011f\u0131dak\u0131 kimi amill\u0259ri n\u0259z\u0259r\u0259 almal\u0131d\u0131rlar:<\/p>\n<ul>\n<li>cari stress s\u0259viyy\u0259si;<\/li>\n<li>emosional sabitlik;<\/li>\n<li>rasional q\u0259rarlar q\u0259bul etm\u0259k bacar\u0131\u011f\u0131;<\/li>\n<li>yor\u011funluq \u0259lam\u0259tl\u0259ri;<\/li>\n<li>impulsiv reaksiyalar;<\/li>\n<li>konsentrasiyan\u0131n azalmas\u0131.<\/li>\n<\/ul>\n<p>Bunlardan h\u0259r hans\u0131 biri g\u00f6r\u00fcn\u0259rs\u0259, f\u0259aliyy\u0259ti dayand\u0131rmaq t\u00f6vsiy\u0259 olunur.<\/p>\n<h3>Vaxt\u0131n \u0130dar\u0259 Edilm\u0259si<\/h3>\n<p>Vaxt n\u0259zar\u0259ti tarazl\u0131\u011f\u0131 qorumaq \u00fc\u00e7\u00fcn vacibdir. R\u0259q\u0259msal f\u0259aliyy\u0259t he\u00e7 vaxt g\u00fcnd\u0259lik m\u0259suliyy\u0259tl\u0259r\u0259 mane olmamal\u0131d\u0131r. T\u00f6vsiy\u0259 olunan t\u0259cr\u00fcb\u0259l\u0259r\u0259 a\u015fa\u011f\u0131dak\u0131lar daxildir:<\/p>\n<ul>\n<li>ba\u015flamazdan \u0259vv\u0259l sabit vaxt m\u0259hdudiyy\u0259tl\u0259ri qoymaq;<\/li>\n<li>davaml\u0131 sessiyalar\u0131 45-60 d\u0259qiq\u0259 il\u0259 m\u0259hdudla\u015fd\u0131rmaq;<\/li>\n<li>m\u00fcnt\u0259z\u0259m fasil\u0259l\u0259r almaq;<\/li>\n<li>uzun gec\u0259 sessiyalar\u0131ndan qa\u00e7\u0131nmaq;<\/li>\n<li>r\u0259q\u0259msal istifad\u0259ni sa\u011flam g\u00fcnd\u0259lik ritm\u0259 inteqrasiya etm\u0259k.<\/li>\n<\/ul>\n<p>Vaxt\u0131n f\u0259rqind\u0259 olmaq yor\u011funlu\u011fun qar\u015f\u0131s\u0131n\u0131 alma\u011fa k\u00f6m\u0259k edir v\u0259 daha yax\u015f\u0131 q\u0259rar q\u0259buletm\u0259ni d\u0259st\u0259kl\u0259yir.<\/p>\n<h3>Maliyy\u0259 N\u0259zar\u0259ti<\/h3>\n<p>M\u0259suliyy\u0259tli i\u015ftirak strukturla\u015fd\u0131r\u0131lm\u0131\u015f maliyy\u0259 davran\u0131\u015f\u0131n\u0131 \u0259hat\u0259 edir. \u0130stifad\u0259\u00e7il\u0259r:<\/p>\n<ul>\n<li>x\u00fcsusi b\u00fcdc\u0259 m\u00fc\u0259yy\u0259n etm\u0259lidir;<\/li>\n<li>\u0259vv\u0259lc\u0259d\u0259n m\u00fc\u0259yy\u0259n edilmi\u015f limitl\u0259ri a\u015fmaqdan \u00e7\u0259kinm\u0259lidir;<\/li>\n<li>emosional v\u0259 ya kort\u0259bii x\u0259rcl\u0259rd\u0259n \u00e7\u0259kinm\u0259lidir;<\/li>\n<li>\u0259vv\u0259lki itkil\u0259ri he\u00e7 vaxt b\u0259rpa etm\u0259y\u0259 \u00e7al\u0131\u015fmamal\u0131d\u0131r;<\/li>\n<li>borc g\u00f6t\u00fcr\u00fclm\u00fc\u015f v\u0259saitl\u0259rd\u0259n v\u0259 ya \u00fc\u00e7\u00fcnc\u00fc t\u0259r\u0259f pullar\u0131ndan istifad\u0259 etm\u0259kd\u0259n \u00e7\u0259kinm\u0259lidir.<\/li>\n<\/ul>\n<p>Maliyy\u0259 intizam\u0131 stressi azald\u0131r v\u0259 uzunm\u00fcdd\u0259tli sabitliyi qoruyur.<\/p>\n<h3>Emosional Sabitlik<\/h3>\n<p>Emosiyalar q\u0259rarlara istifad\u0259\u00e7il\u0259rin g\u00f6zl\u0259diyind\u0259n daha g\u00fccl\u00fc t\u0259sir g\u00f6st\u0259r\u0259 bil\u0259r. A\u015fa\u011f\u0131dak\u0131 hallar ba\u015f ver\u0259rs\u0259, fasil\u0259 t\u00f6vsiy\u0259 olunur:<\/p>\n<ul>\n<li>m\u0259yusluq v\u0259 ya \u0259s\u0259bilik;<\/li>\n<li>\u0259s\u0259bi g\u0259rginlik;<\/li>\n<li>h\u0259ddind\u0259n art\u0131q h\u0259y\u0259can;<\/li>\n<li>diqq\u0259ti c\u0259ml\u0259y\u0259 bilm\u0259m\u0259k;<\/li>\n<li>t\u0259zyiq v\u0259 ya emosional y\u00fckl\u0259nm\u0259.<\/li>\n<\/ul>\n<p>Emosional tarazl\u0131\u011f\u0131n qorunmas\u0131 rasional v\u0259 hesablanm\u0131\u015f q\u0259rarlar\u0131 d\u0259st\u0259kl\u0259yir.<\/p>\n<h3>R\u0259q\u0259msal T\u0259hl\u00fck\u0259sizlik<\/h3>\n<p>T\u0259hl\u00fck\u0259sizlik m\u0259suliyy\u0259tli istifad\u0259nin \u0259sas elementidir. \u0130stifad\u0259\u00e7il\u0259r:<\/p>\n<ul>\n<li>g\u00fccl\u00fc, unikal \u015fifr\u0259l\u0259r yaratmal\u0131;<\/li>\n<li>iki faktorlu identifikasiyan\u0131 aktivl\u0259\u015fdirm\u0259li;<\/li>\n<li>\u015f\u00fcbh\u0259li ke\u00e7idl\u0259rd\u0259n \u00e7\u0259kinm\u0259lidir;<\/li>\n<li>proqram t\u0259minat\u0131n\u0131 m\u00fcnt\u0259z\u0259m olaraq yenil\u0259m\u0259lidir;<\/li>\n<li>t\u0259tbiql\u0259ri yaln\u0131z etibarl\u0131 m\u0259nb\u0259l\u0259rd\u0259n y\u00fckl\u0259m\u0259li;<\/li>\n<li>m\u0259xfi m\u0259lumatlar\u0131 nam\u0259lum t\u0259r\u0259fl\u0259rl\u0259 payla\u015fmaqdan \u00e7\u0259kinm\u0259lidir.<\/li>\n<\/ul>\n<p>Bu c\u00fcr t\u0259dbirl\u0259r \u015f\u0259xsi m\u0259lumatlar\u0131 qoruyur v\u0259 riskl\u0259r\u0259 m\u0259ruz qalma\u011f\u0131 azald\u0131r.<\/p>\n","protected":false},"excerpt":{"rendered":"<p>M\u0259suliyy\u0259tli oyunlar \u015f\u00fcurlu v\u0259 balansl\u0131 bir yana\u015fmad\u0131r M\u0259suliyy\u0259tli Davran\u0131\u015f\u0131n \u018fsas Prinsipl\u0259ri \u015e\u00fcurluluq v\u0259 \u015e\u0259xsi Qiym\u0259tl\u0259ndirm\u0259 Sa\u011flam r\u0259q\u0259msal g\u00fcnd\u0259lik h\u0259yat insan\u0131n \u00f6z emosional v\u0259 fiziki v\u0259ziyy\u0259tini qiym\u0259tl\u0259ndirm\u0259k qabiliyy\u0259tind\u0259n ba\u015flay\u0131r. R\u0259q\u0259msal m\u00fchit h\u0259y\u0259can, g\u0259rginlik v\u0259 ya diqq\u0259tin yay\u0131nmas\u0131na s\u0259b\u0259b ola bil\u0259r, buna g\u00f6r\u0259 d\u0259 istifad\u0259\u00e7il\u0259r a\u015fa\u011f\u0131dak\u0131 kimi amill\u0259ri n\u0259z\u0259r\u0259 almal\u0131d\u0131rlar: cari stress s\u0259viyy\u0259si; emosional sabitlik; rasional q\u0259rarlar [&hellip;]<\/p>\n","protected":false},"author":1,"featured_media":0,"parent":0,"menu_order":0,"comment_status":"closed","ping_status":"closed","template":"","meta":{"_acf_changed":false,"footnotes":""},"class_list":["post-2760","page","type-page","status-publish","hentry"],"acf":[],"yoast_head":"<!-- This site is optimized with the Yoast SEO plugin v27.4 - https:\/\/yoast.com\/product\/yoast-seo-wordpress\/ -->\n<title>M\u0259suliyy\u0259tli Oyunlar \u2014 T\u0259hl\u00fck\u0259siz v\u0259 \u015e\u00fcurlu R\u0259q\u0259msal F\u0259aliyy\u0259t \u00fc\u00e7\u00fcn T\u0259limatlar<\/title>\n<meta name=\"description\" content=\"Vaxt, maliyy\u0259 v\u0259 emosional tarazl\u0131\u011f\u0131n idar\u0259 olunmas\u0131 \u00fc\u00e7\u00fcn h\u0259rt\u0259r\u0259fli t\u00f6vsiy\u0259l\u0259r. M\u0259suliyy\u0259tli v\u0259 sabit r\u0259q\u0259msal davran\u0131\u015f\u0131 qorumaq \u00fc\u00e7\u00fcn ayd\u0131n prinsipl\u0259r\" \/>\n<meta name=\"robots\" content=\"index, follow, max-snippet:-1, max-image-preview:large, max-video-preview:-1\" \/>\n<link rel=\"canonical\" href=\"https:\/\/casino-go-amp.top\/az\/m\u0259suliyy\u0259tli-oyunlar\/\" \/>\n<meta property=\"og:locale\" content=\"ru_RU\" \/>\n<meta property=\"og:type\" content=\"article\" \/>\n<meta property=\"og:title\" content=\"M\u0259suliyy\u0259tli Oyunlar \u2014 T\u0259hl\u00fck\u0259siz v\u0259 \u015e\u00fcurlu R\u0259q\u0259msal F\u0259aliyy\u0259t \u00fc\u00e7\u00fcn T\u0259limatlar\" \/>\n<meta property=\"og:description\" content=\"Vaxt, maliyy\u0259 v\u0259 emosional tarazl\u0131\u011f\u0131n idar\u0259 olunmas\u0131 \u00fc\u00e7\u00fcn h\u0259rt\u0259r\u0259fli t\u00f6vsiy\u0259l\u0259r. M\u0259suliyy\u0259tli v\u0259 sabit r\u0259q\u0259msal davran\u0131\u015f\u0131 qorumaq \u00fc\u00e7\u00fcn ayd\u0131n prinsipl\u0259r\" \/>\n<meta property=\"og:url\" content=\"https:\/\/casino-go-amp.top\/az\/m\u0259suliyy\u0259tli-oyunlar\/\" \/>\n<meta property=\"og:site_name\" content=\"1xBet \u041e\u0444\u0438\u0446\u0438\u0430\u043b\u044c\u043d\u044b\u0439 C\u0430\u0439\u0442\" \/>\n<meta name=\"twitter:card\" content=\"summary_large_image\" \/>\n<meta name=\"twitter:label1\" content=\"\u041f\u0440\u0438\u043c\u0435\u0440\u043d\u043e\u0435 \u0432\u0440\u0435\u043c\u044f \u0434\u043b\u044f \u0447\u0442\u0435\u043d\u0438\u044f\" \/>\n\t<meta name=\"twitter:data1\" content=\"2 \u043c\u0438\u043d\u0443\u0442\u044b\" \/>\n<script type=\"application\/ld+json\" class=\"yoast-schema-graph\">{\"@context\":\"https:\\\/\\\/schema.org\",\"@graph\":[{\"@type\":\"WebPage\",\"@id\":\"https:\\\/\\\/casino-go-amp.top\\\/az\\\/m%c9%99suliyy%c9%99tli-oyunlar\\\/\",\"url\":\"https:\\\/\\\/casino-go-amp.top\\\/az\\\/m%c9%99suliyy%c9%99tli-oyunlar\\\/\",\"name\":\"M\u0259suliyy\u0259tli Oyunlar \u2014 T\u0259hl\u00fck\u0259siz v\u0259 \u015e\u00fcurlu R\u0259q\u0259msal F\u0259aliyy\u0259t \u00fc\u00e7\u00fcn T\u0259limatlar\",\"isPartOf\":{\"@id\":\"https:\\\/\\\/casino-go-amp.top\\\/#website\"},\"datePublished\":\"2025-12-21T14:16:09+00:00\",\"description\":\"Vaxt, maliyy\u0259 v\u0259 emosional tarazl\u0131\u011f\u0131n idar\u0259 olunmas\u0131 \u00fc\u00e7\u00fcn h\u0259rt\u0259r\u0259fli t\u00f6vsiy\u0259l\u0259r. M\u0259suliyy\u0259tli v\u0259 sabit r\u0259q\u0259msal davran\u0131\u015f\u0131 qorumaq \u00fc\u00e7\u00fcn ayd\u0131n prinsipl\u0259r\",\"breadcrumb\":{\"@id\":\"https:\\\/\\\/casino-go-amp.top\\\/az\\\/m%c9%99suliyy%c9%99tli-oyunlar\\\/#breadcrumb\"},\"inLanguage\":\"ru-RU\",\"potentialAction\":[{\"@type\":\"ReadAction\",\"target\":[\"https:\\\/\\\/casino-go-amp.top\\\/az\\\/m%c9%99suliyy%c9%99tli-oyunlar\\\/\"]}]},{\"@type\":\"BreadcrumbList\",\"@id\":\"https:\\\/\\\/casino-go-amp.top\\\/az\\\/m%c9%99suliyy%c9%99tli-oyunlar\\\/#breadcrumb\",\"itemListElement\":[{\"@type\":\"ListItem\",\"position\":1,\"name\":\"\u0413\u043b\u0430\u0432\u043d\u0430\u044f \u0441\u0442\u0440\u0430\u043d\u0438\u0446\u0430\",\"item\":\"https:\\\/\\\/casino-go-amp.top\\\/\"},{\"@type\":\"ListItem\",\"position\":2,\"name\":\"M\u0259suliyy\u0259tli Oyunlar\"}]},{\"@type\":\"WebSite\",\"@id\":\"https:\\\/\\\/casino-go-amp.top\\\/#website\",\"url\":\"https:\\\/\\\/casino-go-amp.top\\\/\",\"name\":\"1xBet \u041e\u0444\u0438\u0446\u0438\u0430\u043b\u044c\u043d\u044b\u0439 C\u0430\u0439\u0442\",\"description\":\"\",\"potentialAction\":[{\"@type\":\"SearchAction\",\"target\":{\"@type\":\"EntryPoint\",\"urlTemplate\":\"https:\\\/\\\/casino-go-amp.top\\\/?s={search_term_string}\"},\"query-input\":{\"@type\":\"PropertyValueSpecification\",\"valueRequired\":true,\"valueName\":\"search_term_string\"}}],\"inLanguage\":\"ru-RU\"}]}<\/script>\n<!-- \/ Yoast SEO plugin. -->","yoast_head_json":{"title":"M\u0259suliyy\u0259tli Oyunlar \u2014 T\u0259hl\u00fck\u0259siz v\u0259 \u015e\u00fcurlu R\u0259q\u0259msal F\u0259aliyy\u0259t \u00fc\u00e7\u00fcn T\u0259limatlar","description":"Vaxt, maliyy\u0259 v\u0259 emosional tarazl\u0131\u011f\u0131n idar\u0259 olunmas\u0131 \u00fc\u00e7\u00fcn h\u0259rt\u0259r\u0259fli t\u00f6vsiy\u0259l\u0259r. M\u0259suliyy\u0259tli v\u0259 sabit r\u0259q\u0259msal davran\u0131\u015f\u0131 qorumaq \u00fc\u00e7\u00fcn ayd\u0131n prinsipl\u0259r","robots":{"index":"index","follow":"follow","max-snippet":"max-snippet:-1","max-image-preview":"max-image-preview:large","max-video-preview":"max-video-preview:-1"},"canonical":"https:\/\/casino-go-amp.top\/az\/m\u0259suliyy\u0259tli-oyunlar\/","og_locale":"ru_RU","og_type":"article","og_title":"M\u0259suliyy\u0259tli Oyunlar \u2014 T\u0259hl\u00fck\u0259siz v\u0259 \u015e\u00fcurlu R\u0259q\u0259msal F\u0259aliyy\u0259t \u00fc\u00e7\u00fcn T\u0259limatlar","og_description":"Vaxt, maliyy\u0259 v\u0259 emosional tarazl\u0131\u011f\u0131n idar\u0259 olunmas\u0131 \u00fc\u00e7\u00fcn h\u0259rt\u0259r\u0259fli t\u00f6vsiy\u0259l\u0259r. M\u0259suliyy\u0259tli v\u0259 sabit r\u0259q\u0259msal davran\u0131\u015f\u0131 qorumaq \u00fc\u00e7\u00fcn ayd\u0131n prinsipl\u0259r","og_url":"https:\/\/casino-go-amp.top\/az\/m\u0259suliyy\u0259tli-oyunlar\/","og_site_name":"1xBet \u041e\u0444\u0438\u0446\u0438\u0430\u043b\u044c\u043d\u044b\u0439 C\u0430\u0439\u0442","twitter_card":"summary_large_image","twitter_misc":{"\u041f\u0440\u0438\u043c\u0435\u0440\u043d\u043e\u0435 \u0432\u0440\u0435\u043c\u044f \u0434\u043b\u044f \u0447\u0442\u0435\u043d\u0438\u044f":"2 \u043c\u0438\u043d\u0443\u0442\u044b"},"schema":{"@context":"https:\/\/schema.org","@graph":[{"@type":"WebPage","@id":"https:\/\/casino-go-amp.top\/az\/m%c9%99suliyy%c9%99tli-oyunlar\/","url":"https:\/\/casino-go-amp.top\/az\/m%c9%99suliyy%c9%99tli-oyunlar\/","name":"M\u0259suliyy\u0259tli Oyunlar \u2014 T\u0259hl\u00fck\u0259siz v\u0259 \u015e\u00fcurlu R\u0259q\u0259msal F\u0259aliyy\u0259t \u00fc\u00e7\u00fcn T\u0259limatlar","isPartOf":{"@id":"https:\/\/casino-go-amp.top\/#website"},"datePublished":"2025-12-21T14:16:09+00:00","description":"Vaxt, maliyy\u0259 v\u0259 emosional tarazl\u0131\u011f\u0131n idar\u0259 olunmas\u0131 \u00fc\u00e7\u00fcn h\u0259rt\u0259r\u0259fli t\u00f6vsiy\u0259l\u0259r. M\u0259suliyy\u0259tli v\u0259 sabit r\u0259q\u0259msal davran\u0131\u015f\u0131 qorumaq \u00fc\u00e7\u00fcn ayd\u0131n prinsipl\u0259r","breadcrumb":{"@id":"https:\/\/casino-go-amp.top\/az\/m%c9%99suliyy%c9%99tli-oyunlar\/#breadcrumb"},"inLanguage":"ru-RU","potentialAction":[{"@type":"ReadAction","target":["https:\/\/casino-go-amp.top\/az\/m%c9%99suliyy%c9%99tli-oyunlar\/"]}]},{"@type":"BreadcrumbList","@id":"https:\/\/casino-go-amp.top\/az\/m%c9%99suliyy%c9%99tli-oyunlar\/#breadcrumb","itemListElement":[{"@type":"ListItem","position":1,"name":"\u0413\u043b\u0430\u0432\u043d\u0430\u044f \u0441\u0442\u0440\u0430\u043d\u0438\u0446\u0430","item":"https:\/\/casino-go-amp.top\/"},{"@type":"ListItem","position":2,"name":"M\u0259suliyy\u0259tli Oyunlar"}]},{"@type":"WebSite","@id":"https:\/\/casino-go-amp.top\/#website","url":"https:\/\/casino-go-amp.top\/","name":"1xBet \u041e\u0444\u0438\u0446\u0438\u0430\u043b\u044c\u043d\u044b\u0439 C\u0430\u0439\u0442","description":"","potentialAction":[{"@type":"SearchAction","target":{"@type":"EntryPoint","urlTemplate":"https:\/\/casino-go-amp.top\/?s={search_term_string}"},"query-input":{"@type":"PropertyValueSpecification","valueRequired":true,"valueName":"search_term_string"}}],"inLanguage":"ru-RU"}]}},"amp_enabled":true,"_links":{"self":[{"href":"https:\/\/casino-go-amp.top\/wp-json\/wp\/v2\/pages\/2760","targetHints":{"allow":["GET"]}}],"collection":[{"href":"https:\/\/casino-go-amp.top\/wp-json\/wp\/v2\/pages"}],"about":[{"href":"https:\/\/casino-go-amp.top\/wp-json\/wp\/v2\/types\/page"}],"author":[{"embeddable":true,"href":"https:\/\/casino-go-amp.top\/wp-json\/wp\/v2\/users\/1"}],"replies":[{"embeddable":true,"href":"https:\/\/casino-go-amp.top\/wp-json\/wp\/v2\/comments?post=2760"}],"version-history":[{"count":1,"href":"https:\/\/casino-go-amp.top\/wp-json\/wp\/v2\/pages\/2760\/revisions"}],"predecessor-version":[{"id":2761,"href":"https:\/\/casino-go-amp.top\/wp-json\/wp\/v2\/pages\/2760\/revisions\/2761"}],"wp:attachment":[{"href":"https:\/\/casino-go-amp.top\/wp-json\/wp\/v2\/media?parent=2760"}],"curies":[{"name":"wp","href":"https:\/\/api.w.org\/{rel}","templated":true}]}}